{"id":925,"date":"2024-04-01T12:44:54","date_gmt":"2024-04-01T12:44:54","guid":{"rendered":"https:\/\/rbo.rw\/songahub2\/?page_id=925"},"modified":"2024-05-11T13:43:03","modified_gmt":"2024-05-11T13:43:03","slug":"candidates","status":"publish","type":"page","link":"https:\/\/rbo.rw\/songahub2\/candidates\/","title":{"rendered":"Candidates"},"content":{"rendered":"\t\t<div data-elementor-type=\"wp-page\" data-elementor-id=\"925\" class=\"elementor elementor-925\">\n\t\t\t\t<div class=\"elementor-element elementor-element-1b6161c e-flex e-con-boxed e-con e-parent\" data-id=\"1b6161c\" data-element_type=\"container\" data-settings=\"{&quot;background_background&quot;:&quot;classic&quot;}\" data-core-v316-plus=\"true\">\n\t\t\t\t\t<div class=\"e-con-inner\">\n\t\t<div class=\"elementor-element elementor-element-a621323 e-con-full e-flex e-con e-child\" data-id=\"a621323\" data-element_type=\"container\">\n\t\t\t\t<div class=\"elementor-element elementor-element-2ff45f2 elementor-widget elementor-widget-heading\" data-id=\"2ff45f2\" data-element_type=\"widget\" data-widget_type=\"heading.default\">\n\t\t\t\t<div class=\"elementor-widget-container\">\n\t\t\t<style>\/*! elementor - v3.20.0 - 26-03-2024 *\/\n.elementor-heading-title{padding:0;margin:0;line-height:1}.elementor-widget-heading .elementor-heading-title[class*=elementor-size-]>a{color:inherit;font-size:inherit;line-height:inherit}.elementor-widget-heading .elementor-heading-title.elementor-size-small{font-size:15px}.elementor-widget-heading .elementor-heading-title.elementor-size-medium{font-size:19px}.elementor-widget-heading .elementor-heading-title.elementor-size-large{font-size:29px}.elementor-widget-heading .elementor-heading-title.elementor-size-xl{font-size:39px}.elementor-widget-heading .elementor-heading-title.elementor-size-xxl{font-size:59px}<\/style><h1 class=\"elementor-heading-title elementor-size-default\">Candidates<\/h1>\t\t<\/div>\n\t\t\t\t<\/div>\n\t\t\t\t<\/div>\n\t\t\t\t\t<\/div>\n\t\t\t\t<\/div>\n\t\t<div class=\"elementor-element elementor-element-f6503b6 e-flex e-con-boxed e-con e-parent\" data-id=\"f6503b6\" data-element_type=\"container\" data-settings=\"{&quot;background_background&quot;:&quot;classic&quot;}\" data-core-v316-plus=\"true\">\n\t\t\t\t\t<div class=\"e-con-inner\">\n\t\t<div class=\"elementor-element elementor-element-4642526 e-con-full e-flex e-con e-child\" data-id=\"4642526\" data-element_type=\"container\">\n\t\t\t\t<div class=\"elementor-element elementor-element-e96bb25 elementor-widget elementor-widget-text-editor\" data-id=\"e96bb25\" data-element_type=\"widget\" data-widget_type=\"text-editor.default\">\n\t\t\t\t<div class=\"elementor-widget-container\">\n\t\t\t<style>\/*! elementor - v3.20.0 - 26-03-2024 *\/\n.elementor-widget-text-editor.elementor-drop-cap-view-stacked .elementor-drop-cap{background-color:#69727d;color:#fff}.elementor-widget-text-editor.elementor-drop-cap-view-framed .elementor-drop-cap{color:#69727d;border:3px solid;background-color:transparent}.elementor-widget-text-editor:not(.elementor-drop-cap-view-default) .elementor-drop-cap{margin-top:8px}.elementor-widget-text-editor:not(.elementor-drop-cap-view-default) .elementor-drop-cap-letter{width:1em;height:1em}.elementor-widget-text-editor .elementor-drop-cap{float:left;text-align:center;line-height:1;font-size:50px}.elementor-widget-text-editor .elementor-drop-cap-letter{display:inline-block}<\/style>\t\t\t\t<h2><strong>We help you return to a career in your profession.<\/strong><\/h2><h5 id=\"yui_3_17_2_1_1715422452084_284\"><strong>Waxan kaa caawin karraa inaad ku noqoto shaqo xirfaddaada ah.<\/strong><\/h5><h6><strong>On vous aide \u00e0 retourner \u00e0 votre profession.<\/strong><\/h6><p class=\"\"><strong>\u0628\u0625\u0645\u0643\u0627\u0646\u0646\u0627 \u0645\u0633\u0627\u0639\u062f\u062a\u0643 \u0627\u0644\u0639\u0648\u062f\u0629 \u0627\u0644\u0649 \u0627\u0644\u0639\u0645\u0644 \u0641\u064a \u0646\u0641\u0633 \u0645\u062c\u0627\u0644 \u062a\u062e\u0635\u0635\u0643.<\/strong><\/p><p class=\"\"><strong>Ajudamos voc\u00ea voltar a sua profiss\u00e3o.<\/strong><\/p><p class=\"\"><strong>Le ayudamos volver a su profesi\u00f3n.<\/strong><\/p><p class=\"\"><strong>\u6211\u4eec\u5e2e\u52a9\u60a8\u91cd\u8fd4\u804c\u4e1a.<\/strong><\/p>\t\t\t\t\t\t<\/div>\n\t\t\t\t<\/div>\n\t\t\t\t<\/div>\n\t\t<div class=\"elementor-element elementor-element-4171427 e-con-full e-flex e-con e-child\" data-id=\"4171427\" data-element_type=\"container\">\n\t\t\t\t<div class=\"elementor-element elementor-element-074d0f5 elementor-widget elementor-widget-wpforms\" data-id=\"074d0f5\" data-element_type=\"widget\" data-widget_type=\"wpforms.default\">\n\t\t\t\t<div class=\"elementor-widget-container\">\n\t\t\t<div class=\"wpforms-container \" id=\"wpforms-7\"><form id=\"wpforms-form-7\" class=\"wpforms-validate wpforms-form wpforms-ajax-form\" data-formid=\"7\" method=\"post\" enctype=\"multipart\/form-data\" action=\"\/songahub2\/wp-json\/wp\/v2\/pages\/925\" data-token=\"75b3b4a7d750b0d3b519ac708c268a74\"><noscript class=\"wpforms-error-noscript\">Please enable JavaScript in your browser to complete this form.<\/noscript><div class=\"wpforms-field-container\"><div id=\"wpforms-7-field_0-container\" class=\"wpforms-field wpforms-field-name\" data-field-id=\"0\"><label class=\"wpforms-field-label\" for=\"wpforms-7-field_0\">Name <span class=\"wpforms-required-label\">*<\/span><\/label><input type=\"text\" id=\"wpforms-7-field_0\" class=\"wpforms-field-large wpforms-field-required\" name=\"wpforms[fields][0]\" placeholder=\"Enter name\" required><\/div><div id=\"wpforms-7-field_1-container\" class=\"wpforms-field wpforms-field-email\" data-field-id=\"1\"><label class=\"wpforms-field-label\" for=\"wpforms-7-field_1\">Email <span class=\"wpforms-required-label\">*<\/span><\/label><input type=\"email\" id=\"wpforms-7-field_1\" class=\"wpforms-field-large wpforms-field-required\" name=\"wpforms[fields][1]\" placeholder=\"Enter email address\" spellcheck=\"false\" required><\/div><div id=\"wpforms-7-field_3-container\" class=\"wpforms-field wpforms-field-text\" data-field-id=\"3\"><label class=\"wpforms-field-label\" for=\"wpforms-7-field_3\">Phone<\/label><input type=\"text\" id=\"wpforms-7-field_3\" class=\"wpforms-field-large\" name=\"wpforms[fields][3]\" placeholder=\"Your phone number\" ><\/div><div id=\"wpforms-7-field_4-container\" class=\"wpforms-field wpforms-field-radio\" data-field-id=\"4\"><label class=\"wpforms-field-label\" for=\"wpforms-7-field_4\">Expertise<\/label><ul id=\"wpforms-7-field_4\"><li class=\"choice-1 depth-1\"><input type=\"radio\" id=\"wpforms-7-field_4_1\" name=\"wpforms[fields][4]\" value=\"Manufacturing\"  ><label class=\"wpforms-field-label-inline\" for=\"wpforms-7-field_4_1\">Manufacturing<\/label><\/li><li class=\"choice-2 depth-1\"><input type=\"radio\" id=\"wpforms-7-field_4_2\" name=\"wpforms[fields][4]\" value=\"Health Care\"  ><label class=\"wpforms-field-label-inline\" for=\"wpforms-7-field_4_2\">Health Care<\/label><\/li><li class=\"choice-3 depth-1\"><input type=\"radio\" id=\"wpforms-7-field_4_3\" name=\"wpforms[fields][4]\" value=\"Housekeeping\"  ><label class=\"wpforms-field-label-inline\" for=\"wpforms-7-field_4_3\">Housekeeping<\/label><\/li><\/ul><\/div><div id=\"wpforms-7-field_5-container\" class=\"wpforms-field wpforms-field-radio\" data-field-id=\"5\"><label class=\"wpforms-field-label\" for=\"wpforms-7-field_5\">Level of Education<\/label><ul id=\"wpforms-7-field_5\"><li class=\"choice-1 depth-1\"><input type=\"radio\" id=\"wpforms-7-field_5_1\" name=\"wpforms[fields][5]\" value=\"High School Diploma\"  ><label class=\"wpforms-field-label-inline\" for=\"wpforms-7-field_5_1\">High School Diploma<\/label><\/li><li class=\"choice-2 depth-1\"><input type=\"radio\" id=\"wpforms-7-field_5_2\" name=\"wpforms[fields][5]\" value=\"Training Certificate\"  ><label class=\"wpforms-field-label-inline\" for=\"wpforms-7-field_5_2\">Training Certificate<\/label><\/li><li class=\"choice-3 depth-1\"><input type=\"radio\" id=\"wpforms-7-field_5_3\" name=\"wpforms[fields][5]\" value=\"Masters Degree\"  ><label class=\"wpforms-field-label-inline\" for=\"wpforms-7-field_5_3\">Masters Degree<\/label><\/li><\/ul><\/div><div id=\"wpforms-7-field_7-container\" class=\"wpforms-field wpforms-field-text\" data-field-id=\"7\"><label class=\"wpforms-field-label\" for=\"wpforms-7-field_7\">Would like to continue education in?<\/label><input type=\"text\" id=\"wpforms-7-field_7\" class=\"wpforms-field-medium\" name=\"wpforms[fields][7]\" ><\/div><div id=\"wpforms-7-field_8-container\" class=\"wpforms-field wpforms-field-text\" data-field-id=\"8\"><label class=\"wpforms-field-label\" for=\"wpforms-7-field_8\">Wants to start business in?<\/label><input type=\"text\" id=\"wpforms-7-field_8\" class=\"wpforms-field-medium\" name=\"wpforms[fields][8]\" ><\/div><div id=\"wpforms-7-field_2-container\" class=\"wpforms-field wpforms-field-textarea\" data-field-id=\"2\"><label class=\"wpforms-field-label wpforms-label-hide\" for=\"wpforms-7-field_2\">Comment or Message <span class=\"wpforms-required-label\">*<\/span><\/label><textarea id=\"wpforms-7-field_2\" class=\"wpforms-field-medium wpforms-field-required\" name=\"wpforms[fields][2]\" placeholder=\"More Details\" required><\/textarea><\/div><\/div><!-- .wpforms-field-container --><div class=\"wpforms-submit-container\" ><input type=\"hidden\" name=\"wpforms[id]\" value=\"7\"><input type=\"hidden\" name=\"wpforms[author]\" value=\"1\"><button type=\"submit\" name=\"wpforms[submit]\" id=\"wpforms-submit-7\" class=\"wpforms-submit\" data-alt-text=\"Sending...\" data-submit-text=\"SEND MESSAGE\" aria-live=\"assertive\" value=\"wpforms-submit\">SEND MESSAGE<\/button><img decoding=\"async\" src=\"https:\/\/rbo.rw\/songahub2\/wp-content\/plugins\/wpforms-lite\/assets\/images\/submit-spin.svg\" class=\"wpforms-submit-spinner\" style=\"display: none;\" width=\"26\" height=\"26\" alt=\"Loading\"><\/div><\/form><\/div>  <!-- .wpforms-container -->\t\t<\/div>\n\t\t\t\t<\/div>\n\t\t\t\t<\/div>\n\t\t\t\t\t<\/div>\n\t\t\t\t<\/div>\n\t\t\t\t<\/div>\n\t\t","protected":false},"excerpt":{"rendered":"<p>Candidates We help you return to a career in your profession. Waxan kaa caawin karraa inaad ku noqoto shaqo xirfaddaada ah. On vous aide \u00e0 retourner \u00e0 votre profession. \u0628\u0625\u0645\u0643\u0627\u0646\u0646\u0627 \u0645\u0633\u0627\u0639\u062f\u062a\u0643 \u0627\u0644\u0639\u0648\u062f\u0629 \u0627\u0644\u0649 \u0627\u0644\u0639\u0645\u0644 \u0641\u064a \u0646\u0641\u0633 \u0645\u062c\u0627\u0644 \u062a\u062e\u0635\u0635\u0643. Ajudamos voc\u00ea voltar a sua profiss\u00e3o. Le ayudamos volver a su profesi\u00f3n. \u6211\u4eec\u5e2e\u52a9\u60a8\u91cd\u8fd4\u804c\u4e1a. Please enable JavaScript in [&hellip;]<\/p>\n","protected":false},"author":1,"featured_media":0,"parent":0,"menu_order":0,"comment_status":"closed","ping_status":"closed","template":"","meta":{"site-sidebar-layout":"no-sidebar","site-content-layout":"page-builder","ast-site-content-layout":"full-width-container","site-content-style":"unboxed","site-sidebar-style":"unboxed","ast-global-header-display":"","ast-banner-title-visibility":"","ast-main-header-display":"","ast-hfb-above-header-display":"","ast-hfb-below-header-display":"","ast-hfb-mobile-header-display":"","site-post-title":"disabled","ast-breadcrumbs-content":"disabled","ast-featured-img":"disabled","footer-sml-layout":"","theme-transparent-header-meta":"enabled","adv-header-id-meta":"","stick-header-meta":"","header-above-stick-meta":"","header-main-stick-meta":"","header-below-stick-meta":"","astra-migrate-meta-layouts":"set","ast-page-background-enabled":"default","ast-page-background-meta":{"desktop":{"background-color":"var(--ast-global-color-4)","background-image":"","background-repeat":"repeat","background-position":"center center","background-size":"auto","background-attachment":"scroll","background-type":"","background-media":"","overlay-type":"","overlay-color":"","overlay-gradient":""},"tablet":{"background-color":"","background-image":"","background-repeat":"repeat","background-position":"center center","background-size":"auto","background-attachment":"scroll","background-type":"","background-media":"","overlay-type":"","overlay-color":"","overlay-gradient":""},"mobile":{"background-color":"","background-image":"","background-repeat":"repeat","background-position":"center center","background-size":"auto","background-attachment":"scroll","background-type":"","background-media":"","overlay-type":"","overlay-color":"","overlay-gradient":""}},"ast-content-background-meta":{"desktop":{"background-color":"var(--ast-global-color-5)","background-image":"","background-repeat":"repeat","background-position":"center center","background-size":"auto","background-attachment":"scroll","background-type":"","background-media":"","overlay-type":"","overlay-color":"","overlay-gradient":""},"tablet":{"background-color":"var(--ast-global-color-5)","background-image":"","background-repeat":"repeat","background-position":"center center","background-size":"auto","background-attachment":"scroll","background-type":"","background-media":"","overlay-type":"","overlay-color":"","overlay-gradient":""},"mobile":{"background-color":"var(--ast-global-color-5)","background-image":"","background-repeat":"repeat","background-position":"center center","background-size":"auto","background-attachment":"scroll","background-type":"","background-media":"","overlay-type":"","overlay-color":"","overlay-gradient":""}},"footnotes":""},"class_list":["post-925","page","type-page","status-publish","hentry"],"_links":{"self":[{"href":"https:\/\/rbo.rw\/songahub2\/wp-json\/wp\/v2\/pages\/925","targetHints":{"allow":["GET"]}}],"collection":[{"href":"https:\/\/rbo.rw\/songahub2\/wp-json\/wp\/v2\/pages"}],"about":[{"href":"https:\/\/rbo.rw\/songahub2\/wp-json\/wp\/v2\/types\/page"}],"author":[{"embeddable":true,"href":"https:\/\/rbo.rw\/songahub2\/wp-json\/wp\/v2\/users\/1"}],"replies":[{"embeddable":true,"href":"https:\/\/rbo.rw\/songahub2\/wp-json\/wp\/v2\/comments?post=925"}],"version-history":[{"count":13,"href":"https:\/\/rbo.rw\/songahub2\/wp-json\/wp\/v2\/pages\/925\/revisions"}],"predecessor-version":[{"id":1021,"href":"https:\/\/rbo.rw\/songahub2\/wp-json\/wp\/v2\/pages\/925\/revisions\/1021"}],"wp:attachment":[{"href":"https:\/\/rbo.rw\/songahub2\/wp-json\/wp\/v2\/media?parent=925"}],"curies":[{"name":"wp","href":"https:\/\/api.w.org\/{rel}","templated":true}]}}